{"id":9,"date":"2010-12-17T20:06:02","date_gmt":"2010-12-17T19:06:02","guid":{"rendered":"http:\/\/www.eurovita-feinkost.de\/?page_id=9"},"modified":"2025-10-01T22:42:07","modified_gmt":"2025-10-01T20:42:07","slug":"impressum","status":"publish","type":"page","link":"https:\/\/www.eurovita-feinkost.de\/index.php\/impressum\/","title":{"rendered":"Impressum"},"content":{"rendered":"<p>gem\u00e4\u00df \u00a7 5 TMG:<\/p>\n<p>Herausgeber dieser Seite ist<\/p>\n<p>EUROVITA Feinkost<br \/>Fikret Kara<br \/>Osterstrasse 13<br \/>20259 Hamburg<\/p>\n<p>Tel: +49 (40) 497 340<br \/>Fax: +49 (40) 839 836 54<\/p>\n<p>Steuernr.: 54\/301\/00396<br \/>USt-ID: DE167344227<\/p>\n<p><a href=\"mailto:webmaster@eurovita-feinkost.de\">webmaster (at) eurovita-feinkost (dot) de<\/a><\/p>\n<p><strong>Haftungshinweis:<\/strong><\/p>\n<p>Trotz sorgf\u00e4ltiger inhaltlicher Kontrolle \u00fcbernehmen wir keine Haftung f\u00fcr die Inhalte externer Links. F\u00fcr die Inhalte einer verlinkten Seite ist ausschlie\u00dflich deren Betreiber verantwortlich.<\/p>\n<p><strong>Allgemeine Gesch\u00e4ftsbedingungen:<\/strong><\/p>\n<p><strong>1. Angebote und Preise<\/strong><br \/>Unser Angebot ist freibleibend und unverbindlich. Mit dem Erscheinen der aktuellen Preisliste sind alle fr\u00fcheren Preislisten und Angebote ung\u00fcltig.<\/p>\n<p><strong>2. Lieferung<\/strong><br \/>Bei einem Warenwert ab 250,- erfolgt die Lieferung innerhalb von 5 km frei Haus. Bei Bestellungen unter 250,- erfolgt die Lieferung per Boten zu Lasten des Kunden. Bei Selbstabholung gew\u00e4hren wir einen Nachlass von 2%. Leihgegenst\u00e4nde sind innerhalb von drei Tagen in einem sauberen Zustand zur\u00fcck zu geben Eine nicht fristgerechte R\u00fcckgabe ist telefonisch anzuzeigen. Fehlmengen, Bruch und Besch\u00e4digungen gehen zu Lasten des Kunden.<\/p>\n<p><strong>3. Zahlung<\/strong><br \/>Rechnungen sind bei Anlieferung oder Abholung in bar zu bezahlen. Die Preise enthalten die gesetzliche MwSt. Die Ware bleibt bis zur vollen Bezahlung Eigentum der Firma EUROVITA.<\/p>\n<p>Alle Preisangaben in EURO.<\/p>\n<p>Mithilfe: <a href=\"mailto:eurovita@inet-hamburg.de\">Integrative Netzwerke Udo Kaune<\/a>\u00a0<\/p>\n<p><img loading=\"lazy\" decoding=\"async\" class=\"aligncenter wp-image-109 size-full\" title=\"Ger\u00e4ucherter Fisch\" src=\"https:\/\/www.eurovita-feinkost.de\/wp-content\/uploads\/DSC_0015-640x150.jpg\" alt=\"Ger\u00e4ucherter Fisch\" width=\"640\" height=\"150\" \/><\/p>\n\n","protected":false},"excerpt":{"rendered":"<p>gem\u00e4\u00df \u00a7 5 TMG: Herausgeber dieser Seite ist EUROVITA FeinkostFikret KaraOsterstrasse 1320259 Hamburg Tel: +49 (40) 497 340Fax: +49 (40) 839 836 54 Steuernr.: 54\/301\/00396USt-ID: DE167344227 webmaster (at) eurovita-feinkost (dot) de Haftungshinweis: Trotz sorgf\u00e4ltiger inhaltlicher Kontrolle \u00fcbernehmen wir keine Haftung f\u00fcr die Inhalte externer Links. <span class=\"ellipsis\">&hellip;<\/span> <span class=\"more-link-wrap\"><a href=\"https:\/\/www.eurovita-feinkost.de\/index.php\/impressum\/\" class=\"more-link\"><span>Read More<\/span><\/a><\/span><\/p>\n","protected":false},"author":2,"featured_media":0,"parent":0,"menu_order":90,"comment_status":"closed","ping_status":"closed","template":"","meta":{"footnotes":""},"class_list":["post-9","page","type-page","status-publish","hentry"],"_links":{"self":[{"href":"https:\/\/www.eurovita-feinkost.de\/index.php\/wp-json\/wp\/v2\/pages\/9","targetHints":{"allow":["GET"]}}],"collection":[{"href":"https:\/\/www.eurovita-feinkost.de\/index.php\/wp-json\/wp\/v2\/pages"}],"about":[{"href":"https:\/\/www.eurovita-feinkost.de\/index.php\/wp-json\/wp\/v2\/types\/page"}],"author":[{"embeddable":true,"href":"https:\/\/www.eurovita-feinkost.de\/index.php\/wp-json\/wp\/v2\/users\/2"}],"replies":[{"embeddable":true,"href":"https:\/\/www.eurovita-feinkost.de\/index.php\/wp-json\/wp\/v2\/comments?post=9"}],"version-history":[{"count":23,"href":"https:\/\/www.eurovita-feinkost.de\/index.php\/wp-json\/wp\/v2\/pages\/9\/revisions"}],"predecessor-version":[{"id":306,"href":"https:\/\/www.eurovita-feinkost.de\/index.php\/wp-json\/wp\/v2\/pages\/9\/revisions\/306"}],"wp:attachment":[{"href":"https:\/\/www.eurovita-feinkost.de\/index.php\/wp-json\/wp\/v2\/media?parent=9"}],"curies":[{"name":"wp","href":"https:\/\/api.w.org\/{rel}","templated":true}]}}